{"id":1398,"date":"2020-07-01T02:08:40","date_gmt":"2020-07-01T07:08:40","guid":{"rendered":"https:\/\/avex.synnexservices-la.com\/?post_type=product&#038;p=1398"},"modified":"2020-07-03T08:03:49","modified_gmt":"2020-07-03T13:03:49","slug":"vmware-ap-3","status":"publish","type":"product","link":"https:\/\/avex.synnexservices-la.com\/portugues\/produto\/vmware-ap-3\/","title":{"rendered":"VMware Pacote Oficial 3"},"content":{"rendered":"<p><strong>Academy Pack 3:<\/strong><\/p>\n<p>Inclui o curso oficial TSW V7.0 em sua nova vers\u00e3o, o material oficial do curso (Livro Did\u00e1tico - Laborat\u00f3rios Pr\u00e1ticos - Apostilas), um semin\u00e1rio voltado para a certifica\u00e7\u00e3o onde e o respectivo voucher de certifica\u00e7\u00e3o. E o melhor de tudo \u00e9 <strong>Conectados<\/strong> para que na situa\u00e7\u00e3o atual que vivemos, voc\u00ea se treine sem ter que sair de casa.<\/p>\n<p><em><strong>AUTORIZADO POR:<\/strong><\/em><\/p>\n<p><img loading=\"lazy\" decoding=\"async\" class=\"alignnone size-medium wp-image-1399\" src=\"http:\/\/avex.synnexservices-la.com\/wp-content\/uploads\/2020\/07\/Online-courses-blackSYNNEX-300x22.png\" alt=\"\" width=\"300\" height=\"22\" srcset=\"https:\/\/avex.synnexservices-la.com\/wp-content\/uploads\/2020\/07\/Online-courses-blackSYNNEX-300x22.png 300w, https:\/\/avex.synnexservices-la.com\/wp-content\/uploads\/2020\/07\/Online-courses-blackSYNNEX.png 447w\" sizes=\"auto, (max-width: 300px) 100vw, 300px\" \/><\/p>","protected":false},"excerpt":{"rendered":"<p><strong>Inclui:<\/strong><\/p>\n<ul>\n<li>VMware vSphere: Workshop de resolu\u00e7\u00e3o de problemas<\/li>\n<\/ul>\n<p><strong>Complementos:<\/strong><\/p>\n<ul>\n<li>e-Book<\/li>\n<li>Laborat\u00f3rios Pr\u00e1ticos<\/li>\n<li>Folhetos<\/li>\n<li>Semin\u00e1rio de certifica\u00e7\u00e3o VCAP-Deploy<\/li>\n<li>Exame de teste<\/li>\n<li>Guia do exame<\/li>\n<li>VCAP-Deploy Certification Voucher<\/li>\n<\/ul>\n<p><strong>\u00c9 ensinado em:<\/strong><\/p>\n<ul>\n<li>Modo online<\/li>\n<\/ul>","protected":false},"featured_media":1464,"comment_status":"closed","ping_status":"closed","template":"","meta":{"_seopress_robots_primary_cat":"none","_seopress_titles_title":"VMware | Official Pack 3 | AVEX Academy Virtual Experience","_seopress_titles_desc":"","_seopress_robots_index":"","jetpack_publicize_message":"","jetpack_publicize_feature_enabled":true,"jetpack_social_post_already_shared":false,"jetpack_social_options":{"image_generator_settings":{"template":"highway","default_image_id":0,"enabled":false},"version":2}},"product_brand":[],"product_cat":[107],"product_tag":[86,87,89,97,98,108],"class_list":{"0":"post-1398","1":"product","2":"type-product","3":"status-publish","4":"has-post-thumbnail","6":"product_cat-vmware","7":"product_tag-academy-packs","8":"product_tag-avex","9":"product_tag-certificacion","10":"product_tag-curso-oficial","11":"product_tag-online","12":"product_tag-vmware","14":"first","15":"instock","16":"sale","17":"virtual","18":"sold-individually","19":"purchasable","20":"product-type-simple"},"jetpack_publicize_connections":[],"jetpack_sharing_enabled":true,"jetpack_likes_enabled":true,"jetpack-related-posts":[],"_links":{"self":[{"href":"https:\/\/avex.synnexservices-la.com\/portugues\/wp-json\/wp\/v2\/product\/1398","targetHints":{"allow":["GET"]}}],"collection":[{"href":"https:\/\/avex.synnexservices-la.com\/portugues\/wp-json\/wp\/v2\/product"}],"about":[{"href":"https:\/\/avex.synnexservices-la.com\/portugues\/wp-json\/wp\/v2\/types\/product"}],"replies":[{"embeddable":true,"href":"https:\/\/avex.synnexservices-la.com\/portugues\/wp-json\/wp\/v2\/comments?post=1398"}],"wp:featuredmedia":[{"embeddable":true,"href":"https:\/\/avex.synnexservices-la.com\/portugues\/wp-json\/wp\/v2\/media\/1464"}],"wp:attachment":[{"href":"https:\/\/avex.synnexservices-la.com\/portugues\/wp-json\/wp\/v2\/media?parent=1398"}],"wp:term":[{"taxonomy":"product_brand","embeddable":true,"href":"https:\/\/avex.synnexservices-la.com\/portugues\/wp-json\/wp\/v2\/product_brand?post=1398"},{"taxonomy":"product_cat","embeddable":true,"href":"https:\/\/avex.synnexservices-la.com\/portugues\/wp-json\/wp\/v2\/product_cat?post=1398"},{"taxonomy":"product_tag","embeddable":true,"href":"https:\/\/avex.synnexservices-la.com\/portugues\/wp-json\/wp\/v2\/product_tag?post=1398"}],"curies":[{"name":"wp","href":"https:\/\/api.w.org\/{rel}","templated":true}]}}