{"id":1397,"date":"2020-07-01T02:01:00","date_gmt":"2020-07-01T07:01:00","guid":{"rendered":"https:\/\/avex.synnexservices-la.com\/?post_type=product&#038;p=1397"},"modified":"2020-07-03T08:02:04","modified_gmt":"2020-07-03T13:02:04","slug":"vmware-ap-2","status":"publish","type":"product","link":"https:\/\/avex.synnexservices-la.com\/portugues\/produto\/vmware-ap-2\/","title":{"rendered":"VMware Pacote Oficial 2"},"content":{"rendered":"<p><strong>Academy Pack 2:<\/strong><\/p>\n<p>Inclui o curso oficial de <strong>O&amp;S V7.0<\/strong> Em sua nova vers\u00e3o, o material oficial do curso (Textbook - Practice Labs - Handouts), um semin\u00e1rio voltado para a certifica\u00e7\u00e3o onde (as preocupa\u00e7\u00f5es dos participantes ser\u00e3o revisadas, t\u00f3picos de interesse geral ser\u00e3o revisados, um exame de teste ser\u00e1 realizado com muito semelhante ao do exame de certifica\u00e7\u00e3o) e respetivo voucher de certifica\u00e7\u00e3o. <strong>E o melhor de tudo \u00e9 o On-Line para que na situa\u00e7\u00e3o que vivemos voc\u00ea possa treinar sem ter que sair de casa.<\/strong><\/p>\n<p>&nbsp;<\/p>\n<p><em><strong>AUTORIZADO POR:<\/strong><\/em><\/p>\n<p><img loading=\"lazy\" decoding=\"async\" class=\"alignnone size-medium wp-image-1399\" src=\"http:\/\/avex.synnexservices-la.com\/wp-content\/uploads\/2020\/07\/Online-courses-blackSYNNEX-300x22.png\" alt=\"\" width=\"300\" height=\"22\" srcset=\"https:\/\/avex.synnexservices-la.com\/wp-content\/uploads\/2020\/07\/Online-courses-blackSYNNEX-300x22.png 300w, https:\/\/avex.synnexservices-la.com\/wp-content\/uploads\/2020\/07\/Online-courses-blackSYNNEX.png 447w\" sizes=\"auto, (max-width: 300px) 100vw, 300px\" \/><\/p>","protected":false},"excerpt":{"rendered":"<p><strong>Inclui:<\/strong><\/p>\n<ul>\n<li>VMware vSphere: O&amp;S 7.0<\/li>\n<\/ul>\n<p><strong>Complementos:<\/strong><\/p>\n<ul>\n<li>e-Book<\/li>\n<li>Laborat\u00f3rios Pr\u00e1ticos<\/li>\n<li>Folhetos<\/li>\n<li>Semin\u00e1rio de Certifica\u00e7\u00e3o ICM VCP-DCV<\/li>\n<li>Exame de teste<\/li>\n<li>Guia do exame<\/li>\n<li>Voucher de certifica\u00e7\u00e3o VCP-DCV 2020<\/li>\n<\/ul>\n<p><strong>\u00c9 ensinado em:<\/strong><\/p>\n<ul>\n<li>Modo online<\/li>\n<\/ul>","protected":false},"featured_media":1464,"comment_status":"closed","ping_status":"closed","template":"","meta":{"_seopress_robots_primary_cat":"none","_seopress_titles_title":"VMware | Official Pack 2 | AVEX Academy Virtual Experience","_seopress_titles_desc":"","_seopress_robots_index":"","jetpack_publicize_message":"","jetpack_publicize_feature_enabled":true,"jetpack_social_post_already_shared":false,"jetpack_social_options":{"image_generator_settings":{"template":"highway","default_image_id":0,"enabled":false},"version":2}},"product_brand":[],"product_cat":[107],"product_tag":[86,87,89,97,98,108],"class_list":{"0":"post-1397","1":"product","2":"type-product","3":"status-publish","4":"has-post-thumbnail","6":"product_cat-vmware","7":"product_tag-academy-packs","8":"product_tag-avex","9":"product_tag-certificacion","10":"product_tag-curso-oficial","11":"product_tag-online","12":"product_tag-vmware","14":"first","15":"instock","16":"sale","17":"virtual","18":"sold-individually","19":"purchasable","20":"product-type-simple"},"jetpack_publicize_connections":[],"jetpack_sharing_enabled":true,"jetpack_likes_enabled":true,"jetpack-related-posts":[],"_links":{"self":[{"href":"https:\/\/avex.synnexservices-la.com\/portugues\/wp-json\/wp\/v2\/product\/1397","targetHints":{"allow":["GET"]}}],"collection":[{"href":"https:\/\/avex.synnexservices-la.com\/portugues\/wp-json\/wp\/v2\/product"}],"about":[{"href":"https:\/\/avex.synnexservices-la.com\/portugues\/wp-json\/wp\/v2\/types\/product"}],"replies":[{"embeddable":true,"href":"https:\/\/avex.synnexservices-la.com\/portugues\/wp-json\/wp\/v2\/comments?post=1397"}],"wp:featuredmedia":[{"embeddable":true,"href":"https:\/\/avex.synnexservices-la.com\/portugues\/wp-json\/wp\/v2\/media\/1464"}],"wp:attachment":[{"href":"https:\/\/avex.synnexservices-la.com\/portugues\/wp-json\/wp\/v2\/media?parent=1397"}],"wp:term":[{"taxonomy":"product_brand","embeddable":true,"href":"https:\/\/avex.synnexservices-la.com\/portugues\/wp-json\/wp\/v2\/product_brand?post=1397"},{"taxonomy":"product_cat","embeddable":true,"href":"https:\/\/avex.synnexservices-la.com\/portugues\/wp-json\/wp\/v2\/product_cat?post=1397"},{"taxonomy":"product_tag","embeddable":true,"href":"https:\/\/avex.synnexservices-la.com\/portugues\/wp-json\/wp\/v2\/product_tag?post=1397"}],"curies":[{"name":"wp","href":"https:\/\/api.w.org\/{rel}","templated":true}]}}