{"id":1394,"date":"2020-07-01T01:30:07","date_gmt":"2020-07-01T06:30:07","guid":{"rendered":"https:\/\/avex.synnexservices-la.com\/?post_type=product&#038;p=1394"},"modified":"2020-09-02T15:39:55","modified_gmt":"2020-09-02T20:39:55","slug":"veeam-seminario","status":"publish","type":"product","link":"https:\/\/avex.synnexservices-la.com\/portugues\/produto\/veeam-seminario\/","title":{"rendered":"Veeam Semin\u00e1rio Pack 1"},"content":{"rendered":"","protected":false},"excerpt":{"rendered":"<p><strong>Inclui:<\/strong><\/p>\n<ul>\n<li>Semin\u00e1rio de certifica\u00e7\u00e3o - VMCE V10<\/li>\n<\/ul>\n<p><strong>Complementos:<\/strong><\/p>\n<ul>\n<li>Guia do exame<\/li>\n<li>Laborat\u00f3rio<\/li>\n<\/ul>\n<p><strong>Pa\u00edses onde \u00e9 ensinado:<\/strong><\/p>\n<ul>\n<li>M\u00e9xico<\/li>\n<\/ul>","protected":false},"featured_media":1462,"comment_status":"closed","ping_status":"closed","template":"","meta":{"_seopress_robots_primary_cat":"none","_seopress_titles_title":"Veeam | Seminario Pack 1 | AVEX - Academy Virtual Experience","_seopress_titles_desc":"","_seopress_robots_index":"","jetpack_publicize_message":"","jetpack_publicize_feature_enabled":true,"jetpack_social_post_already_shared":false,"jetpack_social_options":{"image_generator_settings":{"template":"highway","default_image_id":0,"enabled":false},"version":2}},"product_brand":[],"product_cat":[103],"product_tag":[86,87,89,97,100,105,104,106],"class_list":{"0":"post-1394","1":"product","2":"type-product","3":"status-publish","4":"has-post-thumbnail","6":"product_cat-veeam","7":"product_tag-academy-packs","8":"product_tag-avex","9":"product_tag-certificacion","10":"product_tag-curso-oficial","11":"product_tag-extreme","12":"product_tag-mexico","13":"product_tag-veeam","14":"product_tag-workshop","16":"first","17":"instock","18":"sale","19":"virtual","20":"sold-individually","21":"purchasable","22":"product-type-simple"},"jetpack_publicize_connections":[],"jetpack_sharing_enabled":true,"jetpack_likes_enabled":true,"jetpack-related-posts":[],"_links":{"self":[{"href":"https:\/\/avex.synnexservices-la.com\/portugues\/wp-json\/wp\/v2\/product\/1394","targetHints":{"allow":["GET"]}}],"collection":[{"href":"https:\/\/avex.synnexservices-la.com\/portugues\/wp-json\/wp\/v2\/product"}],"about":[{"href":"https:\/\/avex.synnexservices-la.com\/portugues\/wp-json\/wp\/v2\/types\/product"}],"replies":[{"embeddable":true,"href":"https:\/\/avex.synnexservices-la.com\/portugues\/wp-json\/wp\/v2\/comments?post=1394"}],"wp:featuredmedia":[{"embeddable":true,"href":"https:\/\/avex.synnexservices-la.com\/portugues\/wp-json\/wp\/v2\/media\/1462"}],"wp:attachment":[{"href":"https:\/\/avex.synnexservices-la.com\/portugues\/wp-json\/wp\/v2\/media?parent=1394"}],"wp:term":[{"taxonomy":"product_brand","embeddable":true,"href":"https:\/\/avex.synnexservices-la.com\/portugues\/wp-json\/wp\/v2\/product_brand?post=1394"},{"taxonomy":"product_cat","embeddable":true,"href":"https:\/\/avex.synnexservices-la.com\/portugues\/wp-json\/wp\/v2\/product_cat?post=1394"},{"taxonomy":"product_tag","embeddable":true,"href":"https:\/\/avex.synnexservices-la.com\/portugues\/wp-json\/wp\/v2\/product_tag?post=1394"}],"curies":[{"name":"wp","href":"https:\/\/api.w.org\/{rel}","templated":true}]}}